{"id":15958,"date":"2021-07-05T20:02:02","date_gmt":"2021-07-06T00:02:02","guid":{"rendered":"https:\/\/staging.karinejoncas.ca\/wishlist\/"},"modified":"2025-02-07T16:04:53","modified_gmt":"2025-02-07T21:04:53","slug":"wishlist","status":"publish","type":"page","link":"https:\/\/karinejoncas.ca\/en\/wishlist\/","title":{"rendered":"Wishlist"},"content":{"rendered":"\t\t<div data-elementor-type=\"wp-page\" data-elementor-id=\"15958\" class=\"elementor elementor-15958 elementor-951\" data-elementor-post-type=\"page\">\n\t\t\t\t\t\t<section class=\"elementor-section elementor-top-section elementor-element elementor-element-dece00a elementor-section-boxed elementor-section-height-default elementor-section-height-default\" data-id=\"dece00a\" data-element_type=\"section\" data-e-type=\"section\">\n\t\t\t\t\t\t<div class=\"elementor-container elementor-column-gap-no\">\n\t\t\t\t\t<div class=\"elementor-column elementor-col-100 elementor-top-column elementor-element elementor-element-107d485\" data-id=\"107d485\" data-element_type=\"column\" data-e-type=\"column\">\n\t\t\t<div class=\"elementor-widget-wrap elementor-element-populated\">\n\t\t\t\t\t\t<div class=\"elementor-element elementor-element-a680a6d elementor-widget elementor-widget-heading\" data-id=\"a680a6d\" data-element_type=\"widget\" data-e-type=\"widget\" data-widget_type=\"heading.default\">\n\t\t\t\t<div class=\"elementor-widget-container\">\n\t\t\t\t\t<div class=\"elementor-heading-title elementor-size-default\">Wishlist<\/div>\t\t\t\t<\/div>\n\t\t\t\t<\/div>\n\t\t\t\t<div class=\"elementor-element elementor-element-da17d0a elementor-widget elementor-widget-jet-wishlist\" data-id=\"da17d0a\" data-element_type=\"widget\" data-e-type=\"widget\" data-widget_type=\"jet-wishlist.default\">\n\t\t\t\t<div class=\"elementor-widget-container\">\n\t\t\t\t\t<div class=\"jet-cw jet-wishlist\">\t\t\t<div class=\"jet-wishlist__content woocommerce jet-wishlist-products--preset-1\" data-widget-type=\"jet-wishlist\" data-widget-id=\"da17d0a\">\n\t\t\t\t<h5 class=\"jet-wishlist-empty\">No products were added to the wishlist.<\/h5>\n\t\t\t<\/div>\n\t\t\t<\/div>\t\t\t\t<\/div>\n\t\t\t\t<\/div>\n\t\t\t\t\t<\/div>\n\t\t<\/div>\n\t\t\t\t\t<\/div>\n\t\t<\/section>\n\t\t\t\t<\/div>\n\t\t","protected":false},"excerpt":{"rendered":"<p>Wishlist %%jet-woo-builder-archive-product-title::enable_permalink=&#8221;1&#8243;::&#038;&#038;open_new_tab=&#8221;&#8221;::&#038;&#038;html_tag=&#8221;div&#8221;::&#038;&#038;trim_type=&#8221;word&#8221;::&#038;&#038;title_length=&#8221;-1&#8243;::&#038;&#038;title_tooltip=&#8221;&#8221;%% %%jet-woo-builder-archive-sale-badge::label=&#8221;-25%&#8221;%% %%jet-woo-builder-archive-product-thumbnail::enable_permalink=&#8221;1&#8243;::&#038;&#038;open_new_tab=&#8221;&#8221;::&#038;&#038;thumbnail_size=&#8221;full&#8221;::&#038;&#038;thumbnail_effect=&#8221;&#8221;%% Baln\u00e9o-Spa Rajeunissant et Nettoyant Corps Relaxant, Purifiant, R\u00e9g\u00e9n\u00e9rant 500 mL %%jet-woo-builder-archive-product-price%% %%jet-wishlist-button::button_icon_position=&#8221;left&#8221;::&#038;&#038;use_button_icon=&#8221;yes&#8221;::&#038;&#038;button_icon_normal=&#8221;&lt;i aria-hidden=&quot;true&quot; class=&quot;far fa-heart&quot;&gt;&lt;\/i&gt;&#8221;::&#038;&#038;button_label_normal=&#8221;&#8221;::&#038;&#038;use_as_remove_button=&#8221;&#8221;::&#038;&#038;button_icon_added=&#8221;&lt;i aria-hidden=&quot;true&quot; class=&quot;fas fa-heart&quot;&gt;&lt;\/i&gt;&#8221;::&#038;&#038;button_label_added=&#8221;&#8221;::&#038;&#038;_widget_id=&#8221;faaa366&#8243;%% %%jet-woo-builder-archive-product-title::enable_permalink=&#8221;1&#8243;::&#038;&#038;open_new_tab=&#8221;&#8221;::&#038;&#038;html_tag=&#8221;div&#8221;::&#038;&#038;trim_type=&#8221;word&#8221;::&#038;&#038;title_length=&#8221;-1&#8243;::&#038;&#038;title_tooltip=&#8221;&#8221;%% %%jet-woo-builder-archive-sale-badge::label=&#8221;-25%&#8221;%% %%jet-woo-builder-archive-product-thumbnail::enable_permalink=&#8221;1&#8243;::&#038;&#038;open_new_tab=&#8221;&#8221;::&#038;&#038;thumbnail_size=&#8221;full&#8221;::&#038;&#038;thumbnail_effect=&#8221;&#8221;%% Correction Intensive Anti-\u00c2ge + Taches Rides profondes, Rides d\u2019expression, Rela\u0302chement, Taches prononce\u0301es, Teint irre\u0301gulier, Pores dilate\u0301s, Rougeurs, Hydratation 72H 60 mL %%jet-woo-builder-archive-product-price%% %%jet-wishlist-button::button_icon_position=&#8221;left&#8221;::&#038;&#038;use_button_icon=&#8221;yes&#8221;::&#038;&#038;button_icon_normal=&#8221;&lt;i aria-hidden=&quot;true&quot; class=&quot;far fa-heart&quot;&gt;&lt;\/i&gt;&#8221;::&#038;&#038;button_label_normal=&#8221;&#8221;::&#038;&#038;use_as_remove_button=&#8221;&#8221;::&#038;&#038;button_icon_added=&#8221;&lt;i aria-hidden=&quot;true&quot; class=&quot;fas fa-heart&quot;&gt;&lt;\/i&gt;&#8221;::&#038;&#038;button_label_added=&#8221;&#8221;::&#038;&#038;_widget_id=&#8221;faaa366&#8243;%%<\/p>\n","protected":false},"author":7477,"featured_media":0,"parent":0,"menu_order":0,"comment_status":"closed","ping_status":"closed","template":"elementor_header_footer","meta":{"footnotes":""},"class_list":["post-15958","page","type-page","status-publish","hentry"],"yoast_head":"<!-- This site is optimized with the Yoast SEO Premium plugin v26.2 (Yoast SEO v27.4) - https:\/\/yoast.com\/product\/yoast-seo-premium-wordpress\/ -->\n<title>Favorite treatments | Karine Joncas<\/title>\n<meta name=\"description\" content=\"Easily access your favorite products and find your favorites in one click. Make your purchases with ease.\" \/>\n<meta name=\"robots\" content=\"index, follow, max-snippet:-1, max-image-preview:large, max-video-preview:-1\" \/>\n<link rel=\"canonical\" href=\"https:\/\/karinejoncas.ca\/en\/wishlist\/\" \/>\n<meta property=\"og:locale\" content=\"en_US\" \/>\n<meta property=\"og:type\" content=\"article\" \/>\n<meta property=\"og:title\" content=\"Wishlist\" \/>\n<meta property=\"og:description\" content=\"Easily access your favorite products and find your favorites in one click. Make your purchases with ease.\" \/>\n<meta property=\"og:url\" content=\"https:\/\/karinejoncas.ca\/en\/wishlist\/\" \/>\n<meta property=\"og:site_name\" content=\"Karine Joncas Medi-Cosmetics\" \/>\n<meta property=\"article:publisher\" content=\"https:\/\/www.facebook.com\/KarineJoncasCanada\" \/>\n<meta property=\"article:modified_time\" content=\"2025-02-07T21:04:53+00:00\" \/>\n<meta name=\"twitter:card\" content=\"summary_large_image\" \/>\n<meta name=\"twitter:label1\" content=\"Est. reading time\" \/>\n\t<meta name=\"twitter:data1\" content=\"2 minutes\" \/>\n<script type=\"application\/ld+json\" class=\"yoast-schema-graph\">{\"@context\":\"https:\\\/\\\/schema.org\",\"@graph\":[{\"@type\":\"WebPage\",\"@id\":\"https:\\\/\\\/karinejoncas.ca\\\/en\\\/wishlist\\\/\",\"url\":\"https:\\\/\\\/karinejoncas.ca\\\/en\\\/wishlist\\\/\",\"name\":\"Favorite treatments | Karine Joncas\",\"isPartOf\":{\"@id\":\"https:\\\/\\\/karinejoncas.ca\\\/en\\\/#website\"},\"datePublished\":\"2021-07-06T00:02:02+00:00\",\"dateModified\":\"2025-02-07T21:04:53+00:00\",\"description\":\"Easily access your favorite products and find your favorites in one click. Make your purchases with ease.\",\"breadcrumb\":{\"@id\":\"https:\\\/\\\/karinejoncas.ca\\\/en\\\/wishlist\\\/#breadcrumb\"},\"inLanguage\":\"en-US\",\"potentialAction\":[{\"@type\":\"ReadAction\",\"target\":[\"https:\\\/\\\/karinejoncas.ca\\\/en\\\/wishlist\\\/\"]}]},{\"@type\":\"BreadcrumbList\",\"@id\":\"https:\\\/\\\/karinejoncas.ca\\\/en\\\/wishlist\\\/#breadcrumb\",\"itemListElement\":[{\"@type\":\"ListItem\",\"position\":1,\"name\":\"Accueil\",\"item\":\"https:\\\/\\\/karinejoncas.ca\\\/en\\\/home\\\/\"},{\"@type\":\"ListItem\",\"position\":2,\"name\":\"Wishlist\"}]},{\"@type\":\"WebSite\",\"@id\":\"https:\\\/\\\/karinejoncas.ca\\\/en\\\/#website\",\"url\":\"https:\\\/\\\/karinejoncas.ca\\\/en\\\/\",\"name\":\"Karine Joncas\",\"description\":\"Medi-Cosmetics\",\"publisher\":{\"@id\":\"https:\\\/\\\/karinejoncas.ca\\\/en\\\/#organization\"},\"alternateName\":\"Karine Joncas\",\"potentialAction\":[{\"@type\":\"SearchAction\",\"target\":{\"@type\":\"EntryPoint\",\"urlTemplate\":\"https:\\\/\\\/karinejoncas.ca\\\/en\\\/?s={search_term_string}\"},\"query-input\":{\"@type\":\"PropertyValueSpecification\",\"valueRequired\":true,\"valueName\":\"search_term_string\"}}],\"inLanguage\":\"en-US\"},{\"@type\":\"Organization\",\"@id\":\"https:\\\/\\\/karinejoncas.ca\\\/en\\\/#organization\",\"name\":\"Karine Joncas\",\"alternateName\":\"Karine Joncas | M\u00e9di-Cosm\u00e9tiques\",\"url\":\"https:\\\/\\\/karinejoncas.ca\\\/en\\\/\",\"logo\":{\"@type\":\"ImageObject\",\"inLanguage\":\"en-US\",\"@id\":\"https:\\\/\\\/karinejoncas.ca\\\/en\\\/#\\\/schema\\\/logo\\\/image\\\/\",\"url\":\"https:\\\/\\\/karinejoncas.ca\\\/wp-content\\\/uploads\\\/2023\\\/02\\\/logo_KarineJoncas_Rectangle.png\",\"contentUrl\":\"https:\\\/\\\/karinejoncas.ca\\\/wp-content\\\/uploads\\\/2023\\\/02\\\/logo_KarineJoncas_Rectangle.png\",\"width\":2700,\"height\":307,\"caption\":\"Karine Joncas\"},\"image\":{\"@id\":\"https:\\\/\\\/karinejoncas.ca\\\/en\\\/#\\\/schema\\\/logo\\\/image\\\/\"},\"sameAs\":[\"https:\\\/\\\/www.facebook.com\\\/KarineJoncasCanada\"]}]}<\/script>\n<!-- \/ Yoast SEO Premium plugin. -->","yoast_head_json":{"title":"Favorite treatments | Karine Joncas","description":"Easily access your favorite products and find your favorites in one click. Make your purchases with ease.","robots":{"index":"index","follow":"follow","max-snippet":"max-snippet:-1","max-image-preview":"max-image-preview:large","max-video-preview":"max-video-preview:-1"},"canonical":"https:\/\/karinejoncas.ca\/en\/wishlist\/","og_locale":"en_US","og_type":"article","og_title":"Wishlist","og_description":"Easily access your favorite products and find your favorites in one click. Make your purchases with ease.","og_url":"https:\/\/karinejoncas.ca\/en\/wishlist\/","og_site_name":"Karine Joncas Medi-Cosmetics","article_publisher":"https:\/\/www.facebook.com\/KarineJoncasCanada","article_modified_time":"2025-02-07T21:04:53+00:00","twitter_card":"summary_large_image","twitter_misc":{"Est. reading time":"2 minutes"},"schema":{"@context":"https:\/\/schema.org","@graph":[{"@type":"WebPage","@id":"https:\/\/karinejoncas.ca\/en\/wishlist\/","url":"https:\/\/karinejoncas.ca\/en\/wishlist\/","name":"Favorite treatments | Karine Joncas","isPartOf":{"@id":"https:\/\/karinejoncas.ca\/en\/#website"},"datePublished":"2021-07-06T00:02:02+00:00","dateModified":"2025-02-07T21:04:53+00:00","description":"Easily access your favorite products and find your favorites in one click. Make your purchases with ease.","breadcrumb":{"@id":"https:\/\/karinejoncas.ca\/en\/wishlist\/#breadcrumb"},"inLanguage":"en-US","potentialAction":[{"@type":"ReadAction","target":["https:\/\/karinejoncas.ca\/en\/wishlist\/"]}]},{"@type":"BreadcrumbList","@id":"https:\/\/karinejoncas.ca\/en\/wishlist\/#breadcrumb","itemListElement":[{"@type":"ListItem","position":1,"name":"Accueil","item":"https:\/\/karinejoncas.ca\/en\/home\/"},{"@type":"ListItem","position":2,"name":"Wishlist"}]},{"@type":"WebSite","@id":"https:\/\/karinejoncas.ca\/en\/#website","url":"https:\/\/karinejoncas.ca\/en\/","name":"Karine Joncas","description":"Medi-Cosmetics","publisher":{"@id":"https:\/\/karinejoncas.ca\/en\/#organization"},"alternateName":"Karine Joncas","potentialAction":[{"@type":"SearchAction","target":{"@type":"EntryPoint","urlTemplate":"https:\/\/karinejoncas.ca\/en\/?s={search_term_string}"},"query-input":{"@type":"PropertyValueSpecification","valueRequired":true,"valueName":"search_term_string"}}],"inLanguage":"en-US"},{"@type":"Organization","@id":"https:\/\/karinejoncas.ca\/en\/#organization","name":"Karine Joncas","alternateName":"Karine Joncas | M\u00e9di-Cosm\u00e9tiques","url":"https:\/\/karinejoncas.ca\/en\/","logo":{"@type":"ImageObject","inLanguage":"en-US","@id":"https:\/\/karinejoncas.ca\/en\/#\/schema\/logo\/image\/","url":"https:\/\/karinejoncas.ca\/wp-content\/uploads\/2023\/02\/logo_KarineJoncas_Rectangle.png","contentUrl":"https:\/\/karinejoncas.ca\/wp-content\/uploads\/2023\/02\/logo_KarineJoncas_Rectangle.png","width":2700,"height":307,"caption":"Karine Joncas"},"image":{"@id":"https:\/\/karinejoncas.ca\/en\/#\/schema\/logo\/image\/"},"sameAs":["https:\/\/www.facebook.com\/KarineJoncasCanada"]}]}},"_links":{"self":[{"href":"https:\/\/karinejoncas.ca\/en\/wp-json\/wp\/v2\/pages\/15958","targetHints":{"allow":["GET"]}}],"collection":[{"href":"https:\/\/karinejoncas.ca\/en\/wp-json\/wp\/v2\/pages"}],"about":[{"href":"https:\/\/karinejoncas.ca\/en\/wp-json\/wp\/v2\/types\/page"}],"author":[{"embeddable":true,"href":"https:\/\/karinejoncas.ca\/en\/wp-json\/wp\/v2\/users\/7477"}],"replies":[{"embeddable":true,"href":"https:\/\/karinejoncas.ca\/en\/wp-json\/wp\/v2\/comments?post=15958"}],"version-history":[{"count":0,"href":"https:\/\/karinejoncas.ca\/en\/wp-json\/wp\/v2\/pages\/15958\/revisions"}],"wp:attachment":[{"href":"https:\/\/karinejoncas.ca\/en\/wp-json\/wp\/v2\/media?parent=15958"}],"curies":[{"name":"wp","href":"https:\/\/api.w.org\/{rel}","templated":true}]}}