{"id":541,"date":"2021-04-24T21:41:22","date_gmt":"2021-04-25T01:41:22","guid":{"rendered":"https:\/\/staging.karinejoncas.ca\/boutique\/uncategorized\/patch-correction-dermo-lift-visage\/"},"modified":"2021-04-24T21:41:34","modified_gmt":"2021-04-25T01:41:34","slug":"patch-correction-dermo-lift-visage","status":"publish","type":"product","link":"https:\/\/karinejoncas.ca\/en\/boutique\/patch-correction-dermo-lift-visage\/","title":{"rendered":"PATCH CORRECTION DERMO-LIFT VISAGE"},"content":{"rendered":"<p><b>EFFET LISSANT INSTANTAN\u00c9, \u00c9CLAT DE JEUNESSE<\/b><\/p>\n<p>R\u00e9duit significativement les signes de l\u2019\u00e2ge tout en procurant une incroyable apparence de lifting. La peau para\u00eet instantan\u00e9ment plus lisse, plus ferme et plus radieuse.<\/p>\n<p><strong>Traitement Beaut\u00e9 SOS<\/strong>\u00a0= 1 patch au besoin, le matin ou avant une occasion sp\u00e9ciale.<\/p>\n<p><strong>Traitement Correcteur Intensif<\/strong>\u00a0= 3 patchs (1 fois tous les 3 jours ou 1 fois par semaine) aux changements de saison ou au besoin.<\/p>\n<p>Pour une routine plus optimale, utiliser avec le\u00a0<strong>Concentr\u00e9 Dermo-Intensif KJ<\/strong>\u00a0de votre choix.<\/p>\n<p><strong>Sans parfum \u2022 Hypoallerg\u00e9nique \u2022 Tous types de peau<\/strong><\/p>\n<p>&nbsp;<\/p>\n<p><strong> <span class=\"green-leaf\"><img decoding=\"async\" style=\"width: 25px;\" src=\"https:\/\/prodkj.esiteweb.net\/wp-content\/uploads\/2019\/09\/green-leaf.png\" \/> 95%<\/span> <em>d\u2019ingr\u00e9dients d\u2019origine naturelle<\/em><\/strong><\/p>\n","protected":false},"excerpt":{"rendered":"<div class=\"producttitle\"><b>Effet Lissant Instantan\u00e9, \u00c9clat de Jeunesse<\/b><\/div>\n<div class=\"producttitle\">Th\u00e9rapie Hydratante Express, Soin Intensif Visage<\/div>\n<div class=\"producttitle\"><\/div>\n<div class=\"producttitle\">1 patch visage<\/div>\n","protected":false},"featured_media":0,"template":"","meta":[],"product_brand":[],"product_cat":[23],"product_tag":[],"class_list":{"0":"post-541","1":"product","2":"type-product","3":"status-publish","5":"product_cat-non-classifiee","7":"first","8":"instock","9":"purchasable","10":"product-type-simple"},"yoast_head":"<!-- This site is optimized with the Yoast SEO Premium plugin v26.2 (Yoast SEO v27.4) - https:\/\/yoast.com\/product\/yoast-seo-premium-wordpress\/ -->\n<title>PATCH CORRECTION DERMO-LIFT VISAGE - Karine Joncas Medi-Cosmetics<\/title>\n<meta name=\"description\" content=\"D\u00e9couvrez nos soins multifonctions Karine Joncas. Des soins haute performance de type professionnel \u00e0 domicile. Fabriqu\u00e9s au Qu\u00e9bec.\" \/>\n<meta name=\"robots\" content=\"index, follow, max-snippet:-1, max-image-preview:large, max-video-preview:-1\" \/>\n<link rel=\"canonical\" href=\"https:\/\/karinejoncas.ca\/en\/boutique\/patch-correction-dermo-lift-visage\/\" \/>\n<meta property=\"og:locale\" content=\"en_US\" \/>\n<meta property=\"og:type\" content=\"article\" \/>\n<meta property=\"og:title\" content=\"PATCH CORRECTION DERMO-LIFT VISAGE\" \/>\n<meta property=\"og:description\" content=\"D\u00e9couvrez nos soins multifonctions Karine Joncas. Des soins haute performance de type professionnel \u00e0 domicile. Fabriqu\u00e9s au Qu\u00e9bec.\" \/>\n<meta property=\"og:url\" content=\"https:\/\/karinejoncas.ca\/en\/boutique\/patch-correction-dermo-lift-visage\/\" \/>\n<meta property=\"og:site_name\" content=\"Karine Joncas Medi-Cosmetics\" \/>\n<meta property=\"article:publisher\" content=\"https:\/\/www.facebook.com\/KarineJoncasCanada\" \/>\n<meta property=\"article:modified_time\" content=\"2021-04-25T01:41:34+00:00\" \/>\n<meta property=\"og:image\" content=\"https:\/\/prodkj.esiteweb.net\/wp-content\/uploads\/2019\/09\/green-leaf.png\" \/>\n<meta name=\"twitter:card\" content=\"summary_large_image\" \/>\n<script type=\"application\/ld+json\" class=\"yoast-schema-graph\">{\"@context\":\"https:\\\/\\\/schema.org\",\"@graph\":[{\"@type\":\"WebPage\",\"@id\":\"https:\\\/\\\/karinejoncas.ca\\\/en\\\/boutique\\\/patch-correction-dermo-lift-visage\\\/\",\"url\":\"https:\\\/\\\/karinejoncas.ca\\\/en\\\/boutique\\\/patch-correction-dermo-lift-visage\\\/\",\"name\":\"PATCH CORRECTION DERMO-LIFT VISAGE - Karine Joncas Medi-Cosmetics\",\"isPartOf\":{\"@id\":\"https:\\\/\\\/karinejoncas.ca\\\/en\\\/#website\"},\"primaryImageOfPage\":{\"@id\":\"https:\\\/\\\/karinejoncas.ca\\\/en\\\/boutique\\\/patch-correction-dermo-lift-visage\\\/#primaryimage\"},\"image\":{\"@id\":\"https:\\\/\\\/karinejoncas.ca\\\/en\\\/boutique\\\/patch-correction-dermo-lift-visage\\\/#primaryimage\"},\"thumbnailUrl\":\"https:\\\/\\\/prodkj.esiteweb.net\\\/wp-content\\\/uploads\\\/2019\\\/09\\\/green-leaf.png\",\"datePublished\":\"2021-04-25T01:41:22+00:00\",\"dateModified\":\"2021-04-25T01:41:34+00:00\",\"description\":\"D\u00e9couvrez nos soins multifonctions Karine Joncas. Des soins haute performance de type professionnel \u00e0 domicile. Fabriqu\u00e9s au Qu\u00e9bec.\",\"breadcrumb\":{\"@id\":\"https:\\\/\\\/karinejoncas.ca\\\/en\\\/boutique\\\/patch-correction-dermo-lift-visage\\\/#breadcrumb\"},\"inLanguage\":\"en-US\",\"potentialAction\":[{\"@type\":\"ReadAction\",\"target\":[\"https:\\\/\\\/karinejoncas.ca\\\/en\\\/boutique\\\/patch-correction-dermo-lift-visage\\\/\"]}]},{\"@type\":\"ImageObject\",\"inLanguage\":\"en-US\",\"@id\":\"https:\\\/\\\/karinejoncas.ca\\\/en\\\/boutique\\\/patch-correction-dermo-lift-visage\\\/#primaryimage\",\"url\":\"https:\\\/\\\/prodkj.esiteweb.net\\\/wp-content\\\/uploads\\\/2019\\\/09\\\/green-leaf.png\",\"contentUrl\":\"https:\\\/\\\/prodkj.esiteweb.net\\\/wp-content\\\/uploads\\\/2019\\\/09\\\/green-leaf.png\"},{\"@type\":\"BreadcrumbList\",\"@id\":\"https:\\\/\\\/karinejoncas.ca\\\/en\\\/boutique\\\/patch-correction-dermo-lift-visage\\\/#breadcrumb\",\"itemListElement\":[{\"@type\":\"ListItem\",\"position\":1,\"name\":\"Accueil\",\"item\":\"https:\\\/\\\/karinejoncas.ca\\\/en\\\/home\\\/\"},{\"@type\":\"ListItem\",\"position\":2,\"name\":\"Dermo-routines KJ\",\"item\":\"https:\\\/\\\/karinejoncas.ca\\\/en\\\/dermo-routines\\\/\"},{\"@type\":\"ListItem\",\"position\":3,\"name\":\"PATCH CORRECTION DERMO-LIFT VISAGE\"}]},{\"@type\":\"WebSite\",\"@id\":\"https:\\\/\\\/karinejoncas.ca\\\/en\\\/#website\",\"url\":\"https:\\\/\\\/karinejoncas.ca\\\/en\\\/\",\"name\":\"Karine Joncas\",\"description\":\"Medi-Cosmetics\",\"publisher\":{\"@id\":\"https:\\\/\\\/karinejoncas.ca\\\/en\\\/#organization\"},\"alternateName\":\"Karine Joncas\",\"potentialAction\":[{\"@type\":\"SearchAction\",\"target\":{\"@type\":\"EntryPoint\",\"urlTemplate\":\"https:\\\/\\\/karinejoncas.ca\\\/en\\\/?s={search_term_string}\"},\"query-input\":{\"@type\":\"PropertyValueSpecification\",\"valueRequired\":true,\"valueName\":\"search_term_string\"}}],\"inLanguage\":\"en-US\"},{\"@type\":\"Organization\",\"@id\":\"https:\\\/\\\/karinejoncas.ca\\\/en\\\/#organization\",\"name\":\"Karine Joncas\",\"alternateName\":\"Karine Joncas | M\u00e9di-Cosm\u00e9tiques\",\"url\":\"https:\\\/\\\/karinejoncas.ca\\\/en\\\/\",\"logo\":{\"@type\":\"ImageObject\",\"inLanguage\":\"en-US\",\"@id\":\"https:\\\/\\\/karinejoncas.ca\\\/en\\\/#\\\/schema\\\/logo\\\/image\\\/\",\"url\":\"https:\\\/\\\/karinejoncas.ca\\\/wp-content\\\/uploads\\\/2023\\\/02\\\/logo_KarineJoncas_Rectangle.png\",\"contentUrl\":\"https:\\\/\\\/karinejoncas.ca\\\/wp-content\\\/uploads\\\/2023\\\/02\\\/logo_KarineJoncas_Rectangle.png\",\"width\":2700,\"height\":307,\"caption\":\"Karine Joncas\"},\"image\":{\"@id\":\"https:\\\/\\\/karinejoncas.ca\\\/en\\\/#\\\/schema\\\/logo\\\/image\\\/\"},\"sameAs\":[\"https:\\\/\\\/www.facebook.com\\\/KarineJoncasCanada\"]}]}<\/script>\n<!-- \/ Yoast SEO Premium plugin. -->","yoast_head_json":{"title":"PATCH CORRECTION DERMO-LIFT VISAGE - Karine Joncas Medi-Cosmetics","description":"D\u00e9couvrez nos soins multifonctions Karine Joncas. Des soins haute performance de type professionnel \u00e0 domicile. Fabriqu\u00e9s au Qu\u00e9bec.","robots":{"index":"index","follow":"follow","max-snippet":"max-snippet:-1","max-image-preview":"max-image-preview:large","max-video-preview":"max-video-preview:-1"},"canonical":"https:\/\/karinejoncas.ca\/en\/boutique\/patch-correction-dermo-lift-visage\/","og_locale":"en_US","og_type":"article","og_title":"PATCH CORRECTION DERMO-LIFT VISAGE","og_description":"D\u00e9couvrez nos soins multifonctions Karine Joncas. Des soins haute performance de type professionnel \u00e0 domicile. Fabriqu\u00e9s au Qu\u00e9bec.","og_url":"https:\/\/karinejoncas.ca\/en\/boutique\/patch-correction-dermo-lift-visage\/","og_site_name":"Karine Joncas Medi-Cosmetics","article_publisher":"https:\/\/www.facebook.com\/KarineJoncasCanada","article_modified_time":"2021-04-25T01:41:34+00:00","og_image":[{"url":"https:\/\/prodkj.esiteweb.net\/wp-content\/uploads\/2019\/09\/green-leaf.png","type":"","width":"","height":""}],"twitter_card":"summary_large_image","schema":{"@context":"https:\/\/schema.org","@graph":[{"@type":"WebPage","@id":"https:\/\/karinejoncas.ca\/en\/boutique\/patch-correction-dermo-lift-visage\/","url":"https:\/\/karinejoncas.ca\/en\/boutique\/patch-correction-dermo-lift-visage\/","name":"PATCH CORRECTION DERMO-LIFT VISAGE - Karine Joncas Medi-Cosmetics","isPartOf":{"@id":"https:\/\/karinejoncas.ca\/en\/#website"},"primaryImageOfPage":{"@id":"https:\/\/karinejoncas.ca\/en\/boutique\/patch-correction-dermo-lift-visage\/#primaryimage"},"image":{"@id":"https:\/\/karinejoncas.ca\/en\/boutique\/patch-correction-dermo-lift-visage\/#primaryimage"},"thumbnailUrl":"https:\/\/prodkj.esiteweb.net\/wp-content\/uploads\/2019\/09\/green-leaf.png","datePublished":"2021-04-25T01:41:22+00:00","dateModified":"2021-04-25T01:41:34+00:00","description":"D\u00e9couvrez nos soins multifonctions Karine Joncas. Des soins haute performance de type professionnel \u00e0 domicile. Fabriqu\u00e9s au Qu\u00e9bec.","breadcrumb":{"@id":"https:\/\/karinejoncas.ca\/en\/boutique\/patch-correction-dermo-lift-visage\/#breadcrumb"},"inLanguage":"en-US","potentialAction":[{"@type":"ReadAction","target":["https:\/\/karinejoncas.ca\/en\/boutique\/patch-correction-dermo-lift-visage\/"]}]},{"@type":"ImageObject","inLanguage":"en-US","@id":"https:\/\/karinejoncas.ca\/en\/boutique\/patch-correction-dermo-lift-visage\/#primaryimage","url":"https:\/\/prodkj.esiteweb.net\/wp-content\/uploads\/2019\/09\/green-leaf.png","contentUrl":"https:\/\/prodkj.esiteweb.net\/wp-content\/uploads\/2019\/09\/green-leaf.png"},{"@type":"BreadcrumbList","@id":"https:\/\/karinejoncas.ca\/en\/boutique\/patch-correction-dermo-lift-visage\/#breadcrumb","itemListElement":[{"@type":"ListItem","position":1,"name":"Accueil","item":"https:\/\/karinejoncas.ca\/en\/home\/"},{"@type":"ListItem","position":2,"name":"Dermo-routines KJ","item":"https:\/\/karinejoncas.ca\/en\/dermo-routines\/"},{"@type":"ListItem","position":3,"name":"PATCH CORRECTION DERMO-LIFT VISAGE"}]},{"@type":"WebSite","@id":"https:\/\/karinejoncas.ca\/en\/#website","url":"https:\/\/karinejoncas.ca\/en\/","name":"Karine Joncas","description":"Medi-Cosmetics","publisher":{"@id":"https:\/\/karinejoncas.ca\/en\/#organization"},"alternateName":"Karine Joncas","potentialAction":[{"@type":"SearchAction","target":{"@type":"EntryPoint","urlTemplate":"https:\/\/karinejoncas.ca\/en\/?s={search_term_string}"},"query-input":{"@type":"PropertyValueSpecification","valueRequired":true,"valueName":"search_term_string"}}],"inLanguage":"en-US"},{"@type":"Organization","@id":"https:\/\/karinejoncas.ca\/en\/#organization","name":"Karine Joncas","alternateName":"Karine Joncas | M\u00e9di-Cosm\u00e9tiques","url":"https:\/\/karinejoncas.ca\/en\/","logo":{"@type":"ImageObject","inLanguage":"en-US","@id":"https:\/\/karinejoncas.ca\/en\/#\/schema\/logo\/image\/","url":"https:\/\/karinejoncas.ca\/wp-content\/uploads\/2023\/02\/logo_KarineJoncas_Rectangle.png","contentUrl":"https:\/\/karinejoncas.ca\/wp-content\/uploads\/2023\/02\/logo_KarineJoncas_Rectangle.png","width":2700,"height":307,"caption":"Karine Joncas"},"image":{"@id":"https:\/\/karinejoncas.ca\/en\/#\/schema\/logo\/image\/"},"sameAs":["https:\/\/www.facebook.com\/KarineJoncasCanada"]}]}},"_links":{"self":[{"href":"https:\/\/karinejoncas.ca\/en\/wp-json\/wp\/v2\/product\/541","targetHints":{"allow":["GET"]}}],"collection":[{"href":"https:\/\/karinejoncas.ca\/en\/wp-json\/wp\/v2\/product"}],"about":[{"href":"https:\/\/karinejoncas.ca\/en\/wp-json\/wp\/v2\/types\/product"}],"version-history":[{"count":0,"href":"https:\/\/karinejoncas.ca\/en\/wp-json\/wp\/v2\/product\/541\/revisions"}],"wp:attachment":[{"href":"https:\/\/karinejoncas.ca\/en\/wp-json\/wp\/v2\/media?parent=541"}],"wp:term":[{"taxonomy":"product_brand","embeddable":true,"href":"https:\/\/karinejoncas.ca\/en\/wp-json\/wp\/v2\/product_brand?post=541"},{"taxonomy":"product_cat","embeddable":true,"href":"https:\/\/karinejoncas.ca\/en\/wp-json\/wp\/v2\/product_cat?post=541"},{"taxonomy":"product_tag","embeddable":true,"href":"https:\/\/karinejoncas.ca\/en\/wp-json\/wp\/v2\/product_tag?post=541"}],"curies":[{"name":"wp","href":"https:\/\/api.w.org\/{rel}","templated":true}]}}